{"id":27,"date":"2022-06-23T12:24:39","date_gmt":"2022-06-23T12:24:39","guid":{"rendered":"https:\/\/pruefstelle.cct-design.de\/?page_id=27"},"modified":"2024-02-13T18:04:45","modified_gmt":"2024-02-13T18:04:45","slug":"impressum","status":"publish","type":"page","link":"https:\/\/pruefstelle.cct-design.de\/?page_id=27","title":{"rendered":"Impressum"},"content":{"rendered":"<p><strong>Das Ingenieurb\u00fcro KFZ-Sachverst\u00e4ndige Both &amp; Lorenz GbR arbeitet im Bereich der amtlichen Fahrzeuguntersuchung (HU inkl. &#8222;AU&#8220;, &#8230;) im Namen u. auf Rechnung der GT\u00dc Gesellschaft f\u00fcr Technische \u00dcberwachung mbH, Vor dem Lauch 25, 70567 Stuttgart, <a href=\"http:\/\/www.gtue.de\">www.gtue.de<\/a>. Die GT\u00dc ist von allen Bundesl\u00e4ndern der BRD als \u00dcberwachungsorganisation im Sinne der Anlage VIII b zur STVZO amtlich anerkannt.<\/strong><\/p>\n<p><strong>Verantwortungsbereich:<\/strong>\u00a0Das Impressum gilt nur f. die Internetpr\u00e4senz: www.pruefstelle-waltersdorf.de<br \/>\nGem\u00e4\u00df \u00a7 28 BDSG widersprechen wir jeder kommerziellen Verwendung u. Weitergabe unserer Daten.<\/p>\n<p>KFZ-Pr\u00fcfstelle Waltersdorf \/ Sch\u00f6nefeld<br \/>\nKFZ-Sachverst\u00e4ndige Andreas Both &amp; Martin Lorenz GbR (Gesellschafter)<br \/>\nVorwerk 6, 12529 Sch\u00f6nefeld OT Waltersdorf, Siedlung Vorwerk<br \/>\nTel: \u00a0 \u00a0\u00a0\u00a0\u00a0\u00a0\u00a0 <a class=\"normal-link\" href=\"tel:030-63312707\"><span style=\"color: black;\">030 63312707<\/span><\/a><br \/>\nEmail:\u00a0\u00a0\u00a0\u00a0\u00a0\u00a0<a href=\"mailto:pruefstelle@gmx.de\">pruefstelle@gmx.de<\/a><br \/>\nInternet:\u00a0 <a href=\"http:\/\/www.pruefstelle-waltersdorf.de\">www.pruefstelle-waltersdorf.de<\/a><br \/>\n<span style=\"color: black; font-family: Arial; font-size: small;\">USt-IdNr.: DE258126001<\/span><\/p>\n","protected":false},"excerpt":{"rendered":"<p>Das Ingenieurb\u00fcro KFZ-Sachverst\u00e4ndige Both &amp; Lorenz GbR arbeitet im Bereich der amtlichen Fahrzeuguntersuchung (HU inkl. &#8222;AU&#8220;, &#8230;) im Namen u.&hellip;<\/p>\n","protected":false},"author":1,"featured_media":0,"parent":0,"menu_order":0,"comment_status":"closed","ping_status":"closed","template":"","meta":{"footnotes":""},"class_list":["post-27","page","type-page","status-publish","hentry"],"_links":{"self":[{"href":"https:\/\/pruefstelle.cct-design.de\/index.php?rest_route=\/wp\/v2\/pages\/27","targetHints":{"allow":["GET"]}}],"collection":[{"href":"https:\/\/pruefstelle.cct-design.de\/index.php?rest_route=\/wp\/v2\/pages"}],"about":[{"href":"https:\/\/pruefstelle.cct-design.de\/index.php?rest_route=\/wp\/v2\/types\/page"}],"author":[{"embeddable":true,"href":"https:\/\/pruefstelle.cct-design.de\/index.php?rest_route=\/wp\/v2\/users\/1"}],"replies":[{"embeddable":true,"href":"https:\/\/pruefstelle.cct-design.de\/index.php?rest_route=%2Fwp%2Fv2%2Fcomments&post=27"}],"version-history":[{"count":4,"href":"https:\/\/pruefstelle.cct-design.de\/index.php?rest_route=\/wp\/v2\/pages\/27\/revisions"}],"predecessor-version":[{"id":147,"href":"https:\/\/pruefstelle.cct-design.de\/index.php?rest_route=\/wp\/v2\/pages\/27\/revisions\/147"}],"wp:attachment":[{"href":"https:\/\/pruefstelle.cct-design.de\/index.php?rest_route=%2Fwp%2Fv2%2Fmedia&parent=27"}],"curies":[{"name":"wp","href":"https:\/\/api.w.org\/{rel}","templated":true}]}}