{"id":26,"date":"2022-06-23T12:24:39","date_gmt":"2022-06-23T12:24:39","guid":{"rendered":"https:\/\/pruefstelle.cct-design.de\/?page_id=26"},"modified":"2024-02-13T18:06:58","modified_gmt":"2024-02-13T18:06:58","slug":"standort-anfahrt","status":"publish","type":"page","link":"https:\/\/pruefstelle.cct-design.de\/?page_id=26","title":{"rendered":"Standort\/Anfahrt"},"content":{"rendered":"<div>KFZ-Pr\u00fcfstelle Waltersdorf\/ Sch\u00f6nefeld, 12529 Sch\u00f6nefeld OT Waltersdorf, Siedlung Vorwerk, Vorwerk 6.<\/div>\n<div><\/div>\n<div>Aus Richtung Berlin-Bohnsdorf auf der Gr\u00fcnauer Str. (L400) an der METRO vorbei fahren (rechts gro\u00dfes Hinweisschild auf dem METRO-Gel\u00e4nde). Kurz danach erscheint ein weiteres Hinweisschild &#8222;Kfz-Pr\u00fcfstelle Links abbiegen&#8220;.<\/div>\n<div>\n<div><b><span style=\"font-family: Arial, sans-serif;\"><span>\u00a0<\/span><\/span><\/b><\/div>\n<div><span style=\"font-family: Arial, sans-serif;\"><span>An der ersten Ampelkreuzung links am gelben Wegweiser &#8222;Siedlg.\/Vorwerk&#8220; in den Apfelweg abbiegen.<\/span><\/span><\/div>\n<div>An der zweiten M\u00f6glichkeit rechts am Wegweiser &#8222;Kfz-Pr\u00fcfstelle&#8220; u. gelben Wegweiser &#8222;Vorwerk&#8220; abbiegen u. bis zum Ende der Sackgasse fahren u. links vor dem Geb\u00e4ude auf den Parkpl\u00e4tzen parken (auch mit Anh\u00e4ngern).<\/div>\n<div><span style=\"font-size: small;\"><span style=\"font-family: Arial, sans-serif;\">Der ganze Ort ist eine Tempo 30 Km\/h-Zone. <\/span><\/span>Es ist ausreichend Platz zum rangieren vorhanden.<\/div>\n<div><\/div>\n<div>Am Eingang &#8222;B\u00dcRO&#8220; vorn das Geb\u00e4ude betreten. Bitte nehmen Sie in unserem Kundenaufenthalt Platz. Wenn Sie uns nicht sehen, arbeiten wir gerade. Wir kommen auf Sie zu, wenn wir den aktuellen Pr\u00fcfauftrag beendet haben. Sie k\u00f6nnen auch vor dem Geb\u00e4ude auf den Sitzb\u00e4nken warten. Ist das Einfahrtstor w\u00e4hrend der \u00d6ffnungszeiten geschlossen, haben wir trotzdem ge\u00f6ffnet!<\/div>\n<div>\n<div>\n<div>Parken Sie nicht auf der Stra\u00dfe, auch nicht mit Anh\u00e4ngern, speziell auch nicht im Ausfahrtbereich der Tore.<\/div>\n<p>Das Befahren u. Betreten des Gel\u00e4ndes ist verboten. Auf dem gesamten Gel\u00e4nde gilt Rauchverbot (auch f. E-Zigaretten).<\/p><\/div>\n<div><\/div>\n<div>Der Zutritt zum Gel\u00e4nde u. zur Pr\u00fcfhalle ist untersagt. Ein Begleiten der Pr\u00fcfung ist nicht m\u00f6glich. Erscheinen Sie alleine. Eine HU ist kein Familienausflug. Bringen Sie keine Hunde mit, es befinden sich Pferde auf unserer Koppel.<\/div>\n<\/div>\n<\/div>\n<div><\/div>\n<div>Sie k\u00f6nnen Ihre Fahrzeuge auch abgeben u. am selben o. n\u00e4chsten Werktag wieder abholen. Die Fahrzeuge stehen sicher auf dem abgeschlossenen u. komplett video\u00fcberwachten Gel\u00e4nde. Erfahrungsgem\u00e4\u00df ist es an allen Kfz-Pr\u00fcfstellen am Ende u. am Anfang eines Monats recht voll. Um Ihnen lange Wartezeiten zu ersparen erscheinen Sie doch bitte Mitte des Monats.<\/div>\n<div>\n<div><span style=\"font-family: Arial, sans-serif;\"><span>An der ersten Ampelkreuzung links am gelben Wegweiser &#8222;Siedlg.\/Vorwerk&#8220; in den Apfelweg abbiegen.<\/span><\/span><\/div>\n<div>An der ersten M\u00f6glichkeit rechts am gelben Wegweiser &#8222;Vorwerk&#8220; abbiegen u. bis zum Ende der Stra\u00dfe fahren.<\/div>\n<div>Am Wegweiser &#8222;GT\u00dc-KFZ-Pr\u00fcfstelle&#8220; rechts abbiegen u. bis zum Ende der Sackgasse fahren u. links vor dem Geb\u00e4ude auf den Parkpl\u00e4tzen parken (auch mit Anh\u00e4ngern).<\/div>\n<div><span style=\"font-size: small;\"><span style=\"font-family: Arial, sans-serif;\">Der ganze Ort ist eine Tempo30 km\/h Zone. E<\/span><\/span>s ist ausreichend Platz zum rangieren vorhanden.<\/div>\n<div><\/div>\n<div>Au\u00dferhalb unserer \u00d6ffnungszeiten sowie an Sams-, Sonn- u. Feiertagen ist das Befahren, Halten u. Parken auf unserem Parkplatz verboten!<\/div>\n<\/div>\n<p><iframe loading=\"lazy\" style=\"border: 0;\" src=\"https:\/\/www.google.com\/maps\/embed?pb=!1m14!1m8!1m3!1d38971.090753999866!2d13.557947650135223!3d52.37598336068215!3m2!1i1024!2i768!4f13.1!3m3!1m2!1s0x0%3A0x57bb31f462adaba1!2sKFZ-Pr%C3%BCfstelle%20Waltersdorf%2F%20Sch%C3%B6nefeld!5e0!3m2!1sde!2sde!4v1656169867159!5m2!1sde!2sde\" width=\"800\" height=\"600\" allowfullscreen=\"allowfullscreen\"><\/iframe><\/p>\n","protected":false},"excerpt":{"rendered":"<p>KFZ-Pr\u00fcfstelle Waltersdorf\/ Sch\u00f6nefeld, 12529 Sch\u00f6nefeld OT Waltersdorf, Siedlung Vorwerk, Vorwerk 6. Aus Richtung Berlin-Bohnsdorf auf der Gr\u00fcnauer Str. (L400) an&hellip;<\/p>\n","protected":false},"author":1,"featured_media":0,"parent":0,"menu_order":0,"comment_status":"closed","ping_status":"closed","template":"","meta":{"footnotes":""},"class_list":["post-26","page","type-page","status-publish","hentry"],"_links":{"self":[{"href":"https:\/\/pruefstelle.cct-design.de\/index.php?rest_route=\/wp\/v2\/pages\/26","targetHints":{"allow":["GET"]}}],"collection":[{"href":"https:\/\/pruefstelle.cct-design.de\/index.php?rest_route=\/wp\/v2\/pages"}],"about":[{"href":"https:\/\/pruefstelle.cct-design.de\/index.php?rest_route=\/wp\/v2\/types\/page"}],"author":[{"embeddable":true,"href":"https:\/\/pruefstelle.cct-design.de\/index.php?rest_route=\/wp\/v2\/users\/1"}],"replies":[{"embeddable":true,"href":"https:\/\/pruefstelle.cct-design.de\/index.php?rest_route=%2Fwp%2Fv2%2Fcomments&post=26"}],"version-history":[{"count":20,"href":"https:\/\/pruefstelle.cct-design.de\/index.php?rest_route=\/wp\/v2\/pages\/26\/revisions"}],"predecessor-version":[{"id":149,"href":"https:\/\/pruefstelle.cct-design.de\/index.php?rest_route=\/wp\/v2\/pages\/26\/revisions\/149"}],"wp:attachment":[{"href":"https:\/\/pruefstelle.cct-design.de\/index.php?rest_route=%2Fwp%2Fv2%2Fmedia&parent=26"}],"curies":[{"name":"wp","href":"https:\/\/api.w.org\/{rel}","templated":true}]}}