{"id":22,"date":"2022-06-23T12:23:13","date_gmt":"2022-06-23T12:23:13","guid":{"rendered":"https:\/\/pruefstelle.cct-design.de\/?page_id=22"},"modified":"2024-02-13T18:00:45","modified_gmt":"2024-02-13T18:00:45","slug":"willkommen","status":"publish","type":"page","link":"https:\/\/pruefstelle.cct-design.de\/","title":{"rendered":"Willkommen"},"content":{"rendered":"<p>Sehr geehrte Kunden,<\/p>\n<p>wir sind umgezogen. Eine Wegbeschreibung finden Sie unter &#8222;Standort\/ Anfahrt&#8220;.<\/p>\n<p>Unsere &#8222;Kern&#8220;- Dienstleistung ist die Durchf\u00fchrung von Hauptuntersuchungen HU nach \u00a729 StVZO (Volksmund &#8222;T\u00dcV&#8220;).<\/p>\n<p>Die Vorteile die HU an unserer Pr\u00fcfstelle statt in einer Werkstatt durchf\u00fchren zu lassen, liegen ganz\u00a0klar auf der Hand:<\/p>\n<ul>\n<li>Werkst\u00e4tten haben meist wenige zeitlich begrenzte Pr\u00fcftermine \u2013 Nicht so bei unserer Pr\u00fcfstelle,\u00a0kommen Sie einfach vorbei, Sie brauchen keinen Termin u. keine Voranmeldung.<\/li>\n<li>Bei Werkst\u00e4tten m\u00fcssen Sie Ihr Fahrzeug meist\u00a0umst\u00e4ndlich zur HU abgeben u. nach Fertigstellung wieder abholen.\u00a0Stellen Sie Ihr Fahrzeug bei uns vor und\u00a0nehmen Sie es nach der Pr\u00fcfung gleich wieder mit.<\/li>\n<li>Einige Werkst\u00e4tten erheben f\u00fcr die HU eine Vorstellgeb\u00fchr.\u00a0Diese wird bei uns nicht erhoben.<\/li>\n<li>Bei einem Werkstattbesuch vor einer HU (&#8222;T\u00dcV-Check&#8220;) wird meist mehr beanstandet u. teuer repariert, als eigentlich zum Bestehen der HU n\u00f6tig w\u00e4re.\u00a0Werden an Ihrem Fahrzeug M\u00e4ngel festgestellt, erl\u00e4utern wir Ihnen diese. Lassen Sie diese M\u00e4ngel dann anhand unseres M\u00e4ngelberichtes in einer Fachwerkstatt beheben.<\/li>\n<li>Bei uns erhalten Sie alles aus einer Hand &#8211; neutral u. unabh\u00e4ngig.<\/li>\n<\/ul>\n<p>Bei technischen Fragen o. Problemen nehmen Sie Kontakt mit uns auf. Sie haben mit den beiden Pr\u00fcfingenieuren Both &amp; Lorenz immer die gleichen Ansprechpartner. Wir freuen uns, Sie\u00a0hier zu begr\u00fc\u00dfen.<\/p>\n","protected":false},"excerpt":{"rendered":"<p>Sehr geehrte Kunden, wir sind umgezogen. Eine Wegbeschreibung finden Sie unter &#8222;Standort\/ Anfahrt&#8220;. Unsere &#8222;Kern&#8220;- Dienstleistung ist die Durchf\u00fchrung von&hellip;<\/p>\n","protected":false},"author":1,"featured_media":0,"parent":0,"menu_order":0,"comment_status":"closed","ping_status":"closed","template":"","meta":{"footnotes":""},"class_list":["post-22","page","type-page","status-publish","hentry"],"_links":{"self":[{"href":"https:\/\/pruefstelle.cct-design.de\/index.php?rest_route=\/wp\/v2\/pages\/22","targetHints":{"allow":["GET"]}}],"collection":[{"href":"https:\/\/pruefstelle.cct-design.de\/index.php?rest_route=\/wp\/v2\/pages"}],"about":[{"href":"https:\/\/pruefstelle.cct-design.de\/index.php?rest_route=\/wp\/v2\/types\/page"}],"author":[{"embeddable":true,"href":"https:\/\/pruefstelle.cct-design.de\/index.php?rest_route=\/wp\/v2\/users\/1"}],"replies":[{"embeddable":true,"href":"https:\/\/pruefstelle.cct-design.de\/index.php?rest_route=%2Fwp%2Fv2%2Fcomments&post=22"}],"version-history":[{"count":6,"href":"https:\/\/pruefstelle.cct-design.de\/index.php?rest_route=\/wp\/v2\/pages\/22\/revisions"}],"predecessor-version":[{"id":145,"href":"https:\/\/pruefstelle.cct-design.de\/index.php?rest_route=\/wp\/v2\/pages\/22\/revisions\/145"}],"wp:attachment":[{"href":"https:\/\/pruefstelle.cct-design.de\/index.php?rest_route=%2Fwp%2Fv2%2Fmedia&parent=22"}],"curies":[{"name":"wp","href":"https:\/\/api.w.org\/{rel}","templated":true}]}}