{"id":2,"date":"2022-06-23T11:39:13","date_gmt":"2022-06-23T11:39:13","guid":{"rendered":"https:\/\/pruefstelle.cct-design.de\/?page_id=2"},"modified":"2024-02-13T17:59:37","modified_gmt":"2024-02-13T17:59:37","slug":"sample-page","status":"publish","type":"page","link":"https:\/\/pruefstelle.cct-design.de\/?page_id=2","title":{"rendered":"Dienstleistungen"},"content":{"rendered":"<p>wir bieten verschiedene Dienstleistungen f\u00fcr Pkw, Transporter, Klein-Lkw, Wohnmobile, Krad, Quad, Trike, Anh\u00e4nger bis ca.\u00a03,5 t zul\u00e4ssigem Gesamtgewicht an (max. 2,75 m H\u00f6he u. 6,50 m L\u00e4nge).<\/p>\n<p>Als GT\u00dc-Partner f\u00fchren wir im Namen u. f\u00fcr Rechnung der GT\u00dc u. a. folgende amtliche Dienstleistungen durch:<\/p>\n<ul>\n<li>Hauptuntersuchungen HU nach \u00a729 StVZO<\/li>\n<li>Untersuchung des Motor- u. Abgasmanagements UMA (Nachfolge der Abgasuntersuchung AU)<\/li>\n<li>Gasanlagenwiederholungspr\u00fcfungen GWP<\/li>\n<li>\u00c4nderungsabnahmen nach \u00a719(3) StVZO (mit Voranmeldung)<\/li>\n<li>BOKraft nach \u00a741, \u00a742(1), \u00a742(2)<\/li>\n<li>Oldtimer-Gutachten nach \u00a723 StVZO (mit Voranmeldung)<\/li>\n<li>Erstellen von Mehrfertigungen von HU-Berichten, wo wir die HU durchgef\u00fchrt haben (nicht von anderen B\u00fcros)<br \/>\n<hr \/>\n<\/li>\n<\/ul>\n<p>Als Sachverst\u00e4ndigen-B\u00fcro bieten wir u. a. folgende Dienstleistungen an:<\/p>\n<ul>\n<li>Pr\u00fcfung von Fl\u00fcssiggasanlagen in Wohnmobilen- u. anh\u00e4ngern nach DVGW G607\/DIN EN1949 (mit Voranmeldung)<\/li>\n<li>Unfallverh\u00fctungsvorschriften-Pr\u00fcfungen UVV an Fahrzeugen<\/li>\n<li>Zuteilung von Schadstoffplaketten (Umweltplaketten)<\/li>\n<li>Technische Beratung u. Information<\/li>\n<li>Unfallschadengutachten, Fahrzeugbewertungen, Leasingr\u00fcckgabegutachten (durch Fremd-B\u00fcro)<\/li>\n<\/ul>\n","protected":false},"excerpt":{"rendered":"<p>wir bieten verschiedene Dienstleistungen f\u00fcr Pkw, Transporter, Klein-Lkw, Wohnmobile, Krad, Quad, Trike, Anh\u00e4nger bis ca.\u00a03,5 t zul\u00e4ssigem Gesamtgewicht an (max.&hellip;<\/p>\n","protected":false},"author":1,"featured_media":0,"parent":0,"menu_order":0,"comment_status":"closed","ping_status":"open","template":"","meta":{"footnotes":""},"class_list":["post-2","page","type-page","status-publish","hentry"],"_links":{"self":[{"href":"https:\/\/pruefstelle.cct-design.de\/index.php?rest_route=\/wp\/v2\/pages\/2","targetHints":{"allow":["GET"]}}],"collection":[{"href":"https:\/\/pruefstelle.cct-design.de\/index.php?rest_route=\/wp\/v2\/pages"}],"about":[{"href":"https:\/\/pruefstelle.cct-design.de\/index.php?rest_route=\/wp\/v2\/types\/page"}],"author":[{"embeddable":true,"href":"https:\/\/pruefstelle.cct-design.de\/index.php?rest_route=\/wp\/v2\/users\/1"}],"replies":[{"embeddable":true,"href":"https:\/\/pruefstelle.cct-design.de\/index.php?rest_route=%2Fwp%2Fv2%2Fcomments&post=2"}],"version-history":[{"count":4,"href":"https:\/\/pruefstelle.cct-design.de\/index.php?rest_route=\/wp\/v2\/pages\/2\/revisions"}],"predecessor-version":[{"id":144,"href":"https:\/\/pruefstelle.cct-design.de\/index.php?rest_route=\/wp\/v2\/pages\/2\/revisions\/144"}],"wp:attachment":[{"href":"https:\/\/pruefstelle.cct-design.de\/index.php?rest_route=%2Fwp%2Fv2%2Fmedia&parent=2"}],"curies":[{"name":"wp","href":"https:\/\/api.w.org\/{rel}","templated":true}]}}