{"id":17,"date":"2022-06-23T12:15:37","date_gmt":"2022-06-23T12:15:37","guid":{"rendered":"https:\/\/pruefstelle.cct-design.de\/?page_id=17"},"modified":"2024-02-13T17:58:37","modified_gmt":"2024-02-13T17:58:37","slug":"entgelte","status":"publish","type":"page","link":"https:\/\/pruefstelle.cct-design.de\/?page_id=17","title":{"rendered":"Entgelte"},"content":{"rendered":"<p>Auszug aus der ab 03.01.2022 g\u00fcltigen GT\u00dc-Pr\u00fcfentgelte-Liste f. Brandenburg, Entgelte in Euro inkl. 19% MwSt.:<\/p>\n<p>&nbsp;<\/p>\n<table border=\"0\" width=\"100%\">\n<tbody>\n<tr>\n<td><strong>Pkw, Lkw, KOM, Wohnmobil u. SoKFZ bis 3,5t ZGG<\/strong><\/td>\n<td><b>HU normal<\/b><\/td>\n<td width=\"100\">HU erh\u00f6ht<\/td>\n<\/tr>\n<tr>\n<td>HU inkl. UMA<\/td>\n<td>\u00a0 \u00a0\u00a0\u00a0 131 \u20ac<\/td>\n<td>\u00a0\u00a0\u00a0\u00a0 148 \u20ac<\/td>\n<\/tr>\n<tr>\n<td>HU ohne UMA (UMA liegt vor)<\/td>\n<td>\u00a0\u00a0\u00a0\u00a0\u00a0\u00a0\u00a0 86 \u20ac<\/td>\n<td>\u00a0\u00a0\u00a0\u00a0 103 \u20ac<\/td>\n<\/tr>\n<tr>\n<td><strong>Lkw, KOM, Wohnmobil u. SoKFZ\u00a0ab 3,5t bis 7,5t ZGG<\/strong><\/td>\n<\/tr>\n<tr>\n<td>HU inkl. UMA<\/td>\n<td>\u00a0\u00a0\u00a0\u00a0\u00a0 168 \u20ac<\/td>\n<td>\u00a0\u00a0\u00a0\u00a0 177 \u20ac<\/td>\n<\/tr>\n<tr>\n<td>HU ohne UMA (UMA liegt vor)<\/td>\n<td>\u00a0\u00a0\u00a0\u00a0\u00a0\u00a0\u00a0 96 \u20ac<\/td>\n<td>\u00a0\u00a0\u00a0\u00a0 115 \u20ac<\/td>\n<\/tr>\n<tr>\n<td><strong>Kraftrad, EU-Quad\/-Trike<\/strong><\/td>\n<\/tr>\n<tr>\n<td>HU EZ vor 01.01.1989<\/td>\n<td>\u00a0\u00a0\u00a0\u00a0\u00a0\u00a0\u00a0 55 \u20ac<\/td>\n<td>\u00a0\u00a0\u00a0\u00a0\u00a0\u00a0 66 \u20ac<\/td>\n<\/tr>\n<tr>\n<td>HU EZ ab 01.01.1989 inkl. UMA<\/td>\n<td>\u00a0\u00a0\u00a0\u00a0\u00a0\u00a0\u00a0 75 \u20ac<\/td>\n<td>\u00a0\u00a0\u00a0\u00a0\u00a0\u00a0 86 \u20ac<\/td>\n<\/tr>\n<tr>\n<td><strong>Anh\u00e4nger<\/strong><\/td>\n<\/tr>\n<tr>\n<td>HU ohne Bremse bis 0,75t<\/td>\n<td>\u00a0\u00a0\u00a0\u00a0\u00a0\u00a0\u00a0 37 \u20ac<\/td>\n<td>\u00a0\u00a0\u00a0\u00a0\u00a0\u00a0 44 \u20ac<\/td>\n<\/tr>\n<tr>\n<td>HU mit Bremse bis 3,5t<\/td>\n<td>\u00a0\u00a0\u00a0\u00a0\u00a0 \u00a0 54 \u20ac<\/td>\n<td>\u00a0\u00a0\u00a0\u00a0\u00a0\u00a0 64 \u20ac<\/td>\n<\/tr>\n<tr>\n<td><strong>Gasanlagen-Wiederholungspr\u00fcfung GWP bei HU<\/strong><\/td>\n<td>\u00a0\u00a0\u00a0\u00a0\u00a0\u00a0\u00a0 33 \u20ac<\/td>\n<td><\/td>\n<\/tr>\n<tr>\n<td><strong>Fl\u00fcssiggasanlagen-Pr\u00fcfung G607 an Wohnmobilen u. -anh\u00e4ngern<\/strong><\/td>\n<td colspan=\"2\">Preis nach Umfang, mit Voranmeldung!<\/td>\n<\/tr>\n<tr>\n<td><strong>\u00a7 19(3) \u00c4nderungsabnahmen<\/strong><\/td>\n<td colspan=\"2\">Preis nach Umfang, mit Voranmeldung!<\/td>\n<\/tr>\n<\/tbody>\n<\/table>\n<p>Bei \u00dcberziehung des HU-Termins um mehr als 2 Monate erfolgt ein Zuschlag von 20% auf das HU-Pr\u00fcfentgelt (ohne UMA)! Alle Untersuchungen erfolgen im Namen u. f. Rechnung der GT\u00dc Gesellschaft f. Technische \u00dcberwachung mbH, Stuttgart!<\/p>\n<p><b>Es ist Barzahlung und Kartenzahlung m\u00f6glich (Keine Kreditkarten).<\/b><\/p>\n","protected":false},"excerpt":{"rendered":"<p>Auszug aus der ab 03.01.2022 g\u00fcltigen GT\u00dc-Pr\u00fcfentgelte-Liste f. Brandenburg, Entgelte in Euro inkl. 19% MwSt.: &nbsp; Pkw, Lkw, KOM, Wohnmobil&hellip;<\/p>\n","protected":false},"author":1,"featured_media":0,"parent":0,"menu_order":0,"comment_status":"closed","ping_status":"closed","template":"","meta":{"footnotes":""},"class_list":["post-17","page","type-page","status-publish","hentry"],"_links":{"self":[{"href":"https:\/\/pruefstelle.cct-design.de\/index.php?rest_route=\/wp\/v2\/pages\/17","targetHints":{"allow":["GET"]}}],"collection":[{"href":"https:\/\/pruefstelle.cct-design.de\/index.php?rest_route=\/wp\/v2\/pages"}],"about":[{"href":"https:\/\/pruefstelle.cct-design.de\/index.php?rest_route=\/wp\/v2\/types\/page"}],"author":[{"embeddable":true,"href":"https:\/\/pruefstelle.cct-design.de\/index.php?rest_route=\/wp\/v2\/users\/1"}],"replies":[{"embeddable":true,"href":"https:\/\/pruefstelle.cct-design.de\/index.php?rest_route=%2Fwp%2Fv2%2Fcomments&post=17"}],"version-history":[{"count":3,"href":"https:\/\/pruefstelle.cct-design.de\/index.php?rest_route=\/wp\/v2\/pages\/17\/revisions"}],"predecessor-version":[{"id":143,"href":"https:\/\/pruefstelle.cct-design.de\/index.php?rest_route=\/wp\/v2\/pages\/17\/revisions\/143"}],"wp:attachment":[{"href":"https:\/\/pruefstelle.cct-design.de\/index.php?rest_route=%2Fwp%2Fv2%2Fmedia&parent=17"}],"curies":[{"name":"wp","href":"https:\/\/api.w.org\/{rel}","templated":true}]}}